{"id":862,"date":"2025-06-15T20:31:45","date_gmt":"2025-06-15T20:31:45","guid":{"rendered":"https:\/\/colombiadiversa.org\/?page_id=862"},"modified":"2025-08-28T13:47:35","modified_gmt":"2025-08-28T13:47:35","slug":"national-figures","status":"publish","type":"page","link":"https:\/\/colombiadiversa.org\/en\/national-figures\/","title":{"rendered":"National figures"},"content":{"rendered":"<div data-elementor-type=\"wp-page\" data-elementor-id=\"862\" class=\"elementor elementor-862\" data-elementor-post-type=\"page\">\n\t\t\t\t<div class=\"elementor-element elementor-element-6bbc992 e-flex e-con-boxed e-con e-parent\" data-id=\"6bbc992\" data-element_type=\"container\" data-settings=\"{&quot;background_background&quot;:&quot;classic&quot;}\">\n\t\t\t\t\t<div class=\"e-con-inner\">\n\t\t<div class=\"elementor-element elementor-element-b32ac2e e-con-full e-flex e-con e-child\" data-id=\"b32ac2e\" data-element_type=\"container\">\n\t\t\t\t<div class=\"elementor-element elementor-element-9e9b868 elementor-icon-list--layout-inline elementor-list-item-link-full_width elementor-widget elementor-widget-icon-list\" data-id=\"9e9b868\" data-element_type=\"widget\" data-widget_type=\"icon-list.default\">\n\t\t\t\t<div class=\"elementor-widget-container\">\n\t\t\t\t\t\t\t<ul class=\"elementor-icon-list-items elementor-inline-items\">\n\t\t\t\t\t\t\t<li class=\"elementor-icon-list-item elementor-inline-item\">\n\t\t\t\t\t\t\t\t\t\t\t<a href=\"https:\/\/colombiadiversa.org\/en\">\n\n\t\t\t\t\t\t\t\t\t\t\t<span class=\"elementor-icon-list-text\">home<\/span>\n\t\t\t\t\t\t\t\t\t\t\t<\/a>\n\t\t\t\t\t\t\t\t\t<\/li>\n\t\t\t\t\t\t\t\t<li class=\"elementor-icon-list-item elementor-inline-item\">\n\t\t\t\t\t\t\t\t\t\t<span class=\"elementor-icon-list-text\">FIGURES National<\/span>\n\t\t\t\t\t\t\t\t\t<\/li>\n\t\t\t\t\t\t<\/ul>\n\t\t\t\t\t\t<\/div>\n\t\t\t\t<\/div>\n\t\t\t\t<\/div>\n\t\t<div class=\"elementor-element elementor-element-93d66b7 e-con-full e-flex e-con e-child\" data-id=\"93d66b7\" data-element_type=\"container\">\n\t\t\t\t<div class=\"elementor-element elementor-element-3cde326 elementor-widget__width-initial animated-fast elementor-invisible elementor-widget elementor-widget-heading\" data-id=\"3cde326\" data-element_type=\"widget\" data-settings=\"{&quot;_animation&quot;:&quot;fadeIn&quot;}\" data-widget_type=\"heading.default\">\n\t\t\t\t<div class=\"elementor-widget-container\">\n\t\t\t\t\t<h2 class=\"elementor-heading-title elementor-size-default\">FIGURES National<\/h2>\t\t\t\t<\/div>\n\t\t\t\t<\/div>\n\t\t\t\t<div class=\"elementor-element elementor-element-2353cd1 elementor-widget elementor-widget-text-editor\" data-id=\"2353cd1\" data-element_type=\"widget\" data-widget_type=\"text-editor.default\">\n\t\t\t\t<div class=\"elementor-widget-container\">\n\t\t\t\t\t\t\t\t\t<p>After more than ten years of arduous research on human rights violations against lesbian, gay, bisexual and transgender people in Colombia, we were able to consolidate a visualisation system of this violence. In this tool you can consult statistics on homicides, threats and police violence committed against LGBT people in our country.\u00a0<br \/>If you know of a case of violence against LGBT people in Colombia and would like us to know about it, please write to us at\u00a0<a href=\"mailto:de*************@*************sa.org\" data-original-string=\"QpE2yXPyRBBHXoaJHrAkQQ==0caxa0Fdp\/BKpn4QBwfAqI\/X9tHf\/Bo4Rn3OhlYXwDQmMlAvXsi57AV2pxT\/I5zbvrP\" title=\"This contact has been encoded by Anti-Spam by CleanTalk. Click to decode. To finish the decoding make sure that JavaScript is enabled in your browser.\" target=\"_blank\" rel=\"noopener\"><span \n                data-original-string='2hLX+nqN+Jm9x2640U4rdQ==0caTQXBhWiG2rQkuFKh5ZNA4Y5wXAZhRhW7P7Ze5wSIgu5exr8MVzGn9ZfnNULRmuDI'\n                class='apbct-email-encoder'\n                title='This contact has been encoded by Anti-Spam by CleanTalk. Click to decode. To finish the decoding make sure that JavaScript is enabled in your browser.'>from<span class=\"apbct-blur\">*************<\/span>@<span class=\"apbct-blur\">*************<\/span>sa.org<\/span><\/a><\/p>\t\t\t\t\t\t\t\t<\/div>\n\t\t\t\t<\/div>\n\t\t\t\t<\/div>\n\t\t<div class=\"elementor-element elementor-element-6d857ee e-con-full e-flex e-con e-child\" data-id=\"6d857ee\" data-element_type=\"container\">\n\t\t\t\t<div class=\"elementor-element elementor-element-fb61fe0 elementor-widget elementor-widget-html\" data-id=\"fb61fe0\" data-element_type=\"widget\" data-widget_type=\"html.default\">\n\t\t\t\t<div class=\"elementor-widget-container\">\n\t\t\t\t\t<div style=\"position: relative; width: 100%; padding-bottom: 56.25%; height: 0; overflow: hidden;\">\r\n  <iframe \r\n    class=\"iframe-cifras\" \r\n    id=\"iframe-cifras\"\r\n    src=\"https:\/\/app.powerbi.com\/view?r=eyJrIjoiYzJhMTU4MDctZGUyZS00NGY1LTgyOTktNTFiZmVhMWQ2YTg5IiwidCI6IjZhMTBmZWEwLWYxOTctNDYxYS1hMjdmLTBkMGEwNDZmMGZlNSIsImMiOjR9\" \r\n    frameborder=\"0\" \r\n    allowfullscreen=\"true\"\r\n    style=\"position: absolute; top: 0; left: 0; width: 100%; height: 100%;\">\r\n  <\/iframe>\r\n<\/div>\r\n\t\t\t\t<\/div>\n\t\t\t\t<\/div>\n\t\t\t\t<\/div>\n\t\t\t\t\t<\/div>\n\t\t\t\t<\/div>\n\t\t\t\t<\/div>","protected":false},"excerpt":{"rendered":"<p>inicio CIFRAS Nacional CIFRAS Nacional Tras m\u00e1s de diez a\u00f1os de un arduo trabajo de investigaci\u00f3n sobre las violaciones a derechos humanos en contra de lesbianas, gays, bisexuales y personas trans en Colombia, logramos consolidar un sistema de visualizaci\u00f3n de estas violencias. En esta \u00a0herramienta puede consultar estad\u00edsticas sobre los homicidios, las amenazas y la [&hellip;]<\/p>","protected":false},"author":1,"featured_media":0,"parent":0,"menu_order":0,"comment_status":"closed","ping_status":"closed","template":"","meta":{"_acf_changed":false,"footnotes":""},"class_list":["post-862","page","type-page","status-publish","hentry"],"acf":[],"yoast_head":"<!-- This site is optimized with the Yoast SEO Premium plugin v25.6 (Yoast SEO v25.6) - https:\/\/yoast.com\/wordpress\/plugins\/seo\/ -->\n<title>Cifras nacionales sobre personas LGBTIQ+ en Colombia<\/title>\n<meta name=\"description\" content=\"Datos y estad\u00edsticas actualizadas sobre violencias y derechos de personas LGBTIQ+ en Colombia. Conocimiento para transformar.\" \/>\n<meta name=\"robots\" content=\"index, follow, max-snippet:-1, max-image-preview:large, max-video-preview:-1\" \/>\n<link rel=\"canonical\" href=\"https:\/\/colombiadiversa.org\/en\/national-figures\/\" \/>\n<meta property=\"og:locale\" content=\"en_GB\" \/>\n<meta property=\"og:type\" content=\"article\" \/>\n<meta property=\"og:title\" content=\"Cifras nacional\" \/>\n<meta property=\"og:description\" content=\"Datos y estad\u00edsticas actualizadas sobre violencias y derechos de personas LGBTIQ+ en Colombia. Conocimiento para transformar.\" \/>\n<meta property=\"og:url\" content=\"https:\/\/colombiadiversa.org\/en\/national-figures\/\" \/>\n<meta property=\"og:site_name\" content=\"Colombia Diversa\" \/>\n<meta property=\"article:publisher\" content=\"https:\/\/www.facebook.com\/pagecolombiadiversa\/\" \/>\n<meta property=\"article:modified_time\" content=\"2025-08-28T13:47:35+00:00\" \/>\n<meta property=\"og:image\" content=\"https:\/\/colombiadiversa.org\/wp-content\/uploads\/2025\/05\/cropped-Logo.png\" \/>\n\t<meta property=\"og:image:width\" content=\"258\" \/>\n\t<meta property=\"og:image:height\" content=\"138\" \/>\n\t<meta property=\"og:image:type\" content=\"image\/png\" \/>\n<meta name=\"twitter:card\" content=\"summary_large_image\" \/>\n<meta name=\"twitter:site\" content=\"@ColombiaDiversa\" \/>\n<meta name=\"twitter:label1\" content=\"Estimated reading time\" \/>\n\t<meta name=\"twitter:data1\" content=\"1 minute\" \/>\n<script type=\"application\/ld+json\" class=\"yoast-schema-graph\">{\"@context\":\"https:\/\/schema.org\",\"@graph\":[{\"@type\":\"WebPage\",\"@id\":\"https:\/\/colombiadiversa.org\/cifras-nacional\/\",\"url\":\"https:\/\/colombiadiversa.org\/cifras-nacional\/\",\"name\":\"Cifras nacionales sobre personas LGBTIQ+ en Colombia\",\"isPartOf\":{\"@id\":\"https:\/\/colombiadiversa.org\/#website\"},\"datePublished\":\"2025-06-15T20:31:45+00:00\",\"dateModified\":\"2025-08-28T13:47:35+00:00\",\"description\":\"Datos y estad\u00edsticas actualizadas sobre violencias y derechos de personas LGBTIQ+ en Colombia. Conocimiento para transformar.\",\"breadcrumb\":{\"@id\":\"https:\/\/colombiadiversa.org\/cifras-nacional\/#breadcrumb\"},\"inLanguage\":\"en-GB\",\"potentialAction\":[{\"@type\":\"ReadAction\",\"target\":[\"https:\/\/colombiadiversa.org\/cifras-nacional\/\"]}]},{\"@type\":\"BreadcrumbList\",\"@id\":\"https:\/\/colombiadiversa.org\/cifras-nacional\/#breadcrumb\",\"itemListElement\":[{\"@type\":\"ListItem\",\"position\":1,\"name\":\"Home\",\"item\":\"https:\/\/colombiadiversa.org\/\"},{\"@type\":\"ListItem\",\"position\":2,\"name\":\"Cifras nacional\"}]},{\"@type\":\"WebSite\",\"@id\":\"https:\/\/colombiadiversa.org\/#website\",\"url\":\"https:\/\/colombiadiversa.org\/\",\"name\":\"Colombia Diversa\",\"description\":\"Derechos LGBTIQ+ en Colombia con justicia e igualdad\",\"publisher\":{\"@id\":\"https:\/\/colombiadiversa.org\/#organization\"},\"alternateName\":\"Colombia Diversa\",\"potentialAction\":[{\"@type\":\"SearchAction\",\"target\":{\"@type\":\"EntryPoint\",\"urlTemplate\":\"https:\/\/colombiadiversa.org\/?s={search_term_string}\"},\"query-input\":{\"@type\":\"PropertyValueSpecification\",\"valueRequired\":true,\"valueName\":\"search_term_string\"}}],\"inLanguage\":\"en-GB\"},{\"@type\":\"Organization\",\"@id\":\"https:\/\/colombiadiversa.org\/#organization\",\"name\":\"Colombia Diversa\",\"alternateName\":\"Colombia Diversa\",\"url\":\"https:\/\/colombiadiversa.org\/\",\"logo\":{\"@type\":\"ImageObject\",\"inLanguage\":\"en-GB\",\"@id\":\"https:\/\/colombiadiversa.org\/#\/schema\/logo\/image\/\",\"url\":\"https:\/\/colombiadiversa.org\/wp-content\/uploads\/2025\/05\/cropped-Logo.png\",\"contentUrl\":\"https:\/\/colombiadiversa.org\/wp-content\/uploads\/2025\/05\/cropped-Logo.png\",\"width\":258,\"height\":138,\"caption\":\"Colombia Diversa\"},\"image\":{\"@id\":\"https:\/\/colombiadiversa.org\/#\/schema\/logo\/image\/\"},\"sameAs\":[\"https:\/\/www.facebook.com\/pagecolombiadiversa\/\",\"https:\/\/x.com\/ColombiaDiversa\",\"https:\/\/www.instagram.com\/colombiadiversa\/?hl=es-la\",\"https:\/\/www.youtube.com\/user\/ColombiaDiversa\"],\"description\":\"Derechos LGBTIQ+ en Colombia con justicia e igualdad\",\"legalName\":\"Colombia Diversa\"}]}<\/script>\n<!-- \/ Yoast SEO Premium plugin. -->","yoast_head_json":{"title":"National figures on LGBTIQ+ people in Colombia","description":"Updated data and statistics on violence and rights of LGBTIQ+ people in Colombia. Knowledge to transform.","robots":{"index":"index","follow":"follow","max-snippet":"max-snippet:-1","max-image-preview":"max-image-preview:large","max-video-preview":"max-video-preview:-1"},"canonical":"https:\/\/colombiadiversa.org\/en\/national-figures\/","og_locale":"en_GB","og_type":"article","og_title":"Cifras nacional","og_description":"Datos y estad\u00edsticas actualizadas sobre violencias y derechos de personas LGBTIQ+ en Colombia. Conocimiento para transformar.","og_url":"https:\/\/colombiadiversa.org\/en\/national-figures\/","og_site_name":"Colombia Diversa","article_publisher":"https:\/\/www.facebook.com\/pagecolombiadiversa\/","article_modified_time":"2025-08-28T13:47:35+00:00","og_image":[{"width":258,"height":138,"url":"https:\/\/colombiadiversa.org\/wp-content\/uploads\/2025\/05\/cropped-Logo.png","type":"image\/png"}],"twitter_card":"summary_large_image","twitter_site":"@ColombiaDiversa","twitter_misc":{"Estimated reading time":"1 minute"},"schema":{"@context":"https:\/\/schema.org","@graph":[{"@type":"WebPage","@id":"https:\/\/colombiadiversa.org\/cifras-nacional\/","url":"https:\/\/colombiadiversa.org\/cifras-nacional\/","name":"National figures on LGBTIQ+ people in Colombia","isPartOf":{"@id":"https:\/\/colombiadiversa.org\/#website"},"datePublished":"2025-06-15T20:31:45+00:00","dateModified":"2025-08-28T13:47:35+00:00","description":"Updated data and statistics on violence and rights of LGBTIQ+ people in Colombia. Knowledge to transform.","breadcrumb":{"@id":"https:\/\/colombiadiversa.org\/cifras-nacional\/#breadcrumb"},"inLanguage":"en-GB","potentialAction":[{"@type":"ReadAction","target":["https:\/\/colombiadiversa.org\/cifras-nacional\/"]}]},{"@type":"BreadcrumbList","@id":"https:\/\/colombiadiversa.org\/cifras-nacional\/#breadcrumb","itemListElement":[{"@type":"ListItem","position":1,"name":"Home","item":"https:\/\/colombiadiversa.org\/"},{"@type":"ListItem","position":2,"name":"Cifras nacional"}]},{"@type":"WebSite","@id":"https:\/\/colombiadiversa.org\/#website","url":"https:\/\/colombiadiversa.org\/","name":"Colombia Diverse","description":"LGBTIQ+ rights in Colombia with justice and equality","publisher":{"@id":"https:\/\/colombiadiversa.org\/#organization"},"alternateName":"Colombia Diversa","potentialAction":[{"@type":"SearchAction","target":{"@type":"EntryPoint","urlTemplate":"https:\/\/colombiadiversa.org\/?s={search_term_string}"},"query-input":{"@type":"PropertyValueSpecification","valueRequired":true,"valueName":"search_term_string"}}],"inLanguage":"en-GB"},{"@type":"Organization","@id":"https:\/\/colombiadiversa.org\/#organization","name":"Colombia Diverse","alternateName":"Colombia Diversa","url":"https:\/\/colombiadiversa.org\/","logo":{"@type":"ImageObject","inLanguage":"en-GB","@id":"https:\/\/colombiadiversa.org\/#\/schema\/logo\/image\/","url":"https:\/\/colombiadiversa.org\/wp-content\/uploads\/2025\/05\/cropped-Logo.png","contentUrl":"https:\/\/colombiadiversa.org\/wp-content\/uploads\/2025\/05\/cropped-Logo.png","width":258,"height":138,"caption":"Colombia Diversa"},"image":{"@id":"https:\/\/colombiadiversa.org\/#\/schema\/logo\/image\/"},"sameAs":["https:\/\/www.facebook.com\/pagecolombiadiversa\/","https:\/\/x.com\/ColombiaDiversa","https:\/\/www.instagram.com\/colombiadiversa\/?hl=es-la","https:\/\/www.youtube.com\/user\/ColombiaDiversa"],"description":"LGBTIQ+ rights in Colombia with justice and equality","legalName":"Colombia Diversa"}]}},"_links":{"self":[{"href":"https:\/\/colombiadiversa.org\/en\/wp-json\/wp\/v2\/pages\/862","targetHints":{"allow":["GET"]}}],"collection":[{"href":"https:\/\/colombiadiversa.org\/en\/wp-json\/wp\/v2\/pages"}],"about":[{"href":"https:\/\/colombiadiversa.org\/en\/wp-json\/wp\/v2\/types\/page"}],"author":[{"embeddable":true,"href":"https:\/\/colombiadiversa.org\/en\/wp-json\/wp\/v2\/users\/1"}],"replies":[{"embeddable":true,"href":"https:\/\/colombiadiversa.org\/en\/wp-json\/wp\/v2\/comments?post=862"}],"version-history":[{"count":13,"href":"https:\/\/colombiadiversa.org\/en\/wp-json\/wp\/v2\/pages\/862\/revisions"}],"predecessor-version":[{"id":4825,"href":"https:\/\/colombiadiversa.org\/en\/wp-json\/wp\/v2\/pages\/862\/revisions\/4825"}],"wp:attachment":[{"href":"https:\/\/colombiadiversa.org\/en\/wp-json\/wp\/v2\/media?parent=862"}],"curies":[{"name":"wp","href":"https:\/\/api.w.org\/{rel}","templated":true}]}}